{"id":934,"date":"2020-05-26T12:12:08","date_gmt":"2020-05-26T10:12:08","guid":{"rendered":"https:\/\/www.amt-warnow-west.de\/leichte-sprache\/?page_id=934"},"modified":"2024-07-18T15:04:30","modified_gmt":"2024-07-18T13:04:30","slug":"kita-anmeldung","status":"publish","type":"page","link":"https:\/\/amt-dorfmecklenburg-badkleinen.de\/leichte-sprache\/kita-anmeldung\/","title":{"rendered":"Kita Anmeldung"},"content":{"rendered":"<div id='av_section_1'  class='avia-section av-urx3y-6044255cab96b55648ba6d3a70f67d88 main_color avia-section-default avia-no-border-styling  avia-builder-el-0  el_before_av_section  avia-builder-el-first  avia-bg-style-scroll container_wrap fullsize'  ><div class='container av-section-cont-open' ><main  role=\"main\" itemprop=\"mainContentOfPage\"  class='template-page content  av-content-full alpha units'><div class='post-entry post-entry-type-page post-entry-934'><div class='entry-content-wrapper clearfix'>\n\n<style type=\"text\/css\" data-created_by=\"avia_inline_auto\" id=\"style-css-av-7ofc6-3c38068d50c19c07504f5e2d8b0a7517\">\n#top .av-special-heading.av-7ofc6-3c38068d50c19c07504f5e2d8b0a7517{\npadding-bottom:10px;\n}\nbody .av-special-heading.av-7ofc6-3c38068d50c19c07504f5e2d8b0a7517 .av-special-heading-tag .heading-char{\nfont-size:25px;\n}\n.av-special-heading.av-7ofc6-3c38068d50c19c07504f5e2d8b0a7517 .av-subheading{\nfont-size:15px;\n}\n<\/style>\n<div  class='av-special-heading av-7ofc6-3c38068d50c19c07504f5e2d8b0a7517 av-special-heading-h1 blockquote modern-quote  avia-builder-el-1  el_before_av_hr  avia-builder-el-first '><h1 class='av-special-heading-tag'  itemprop=\"headline\"  >Einen Kita Platz beantragen<\/h1><div class=\"special-heading-border\"><div class=\"special-heading-inner-border\"><\/div><\/div><\/div>\n\n<style type=\"text\/css\" data-created_by=\"avia_inline_auto\" id=\"style-css-av-mfefq-533f696fc0cc6add4c5fc5f56c580ce8\">\n#top .hr.av-mfefq-533f696fc0cc6add4c5fc5f56c580ce8{\nmargin-top:30px;\nmargin-bottom:30px;\n}\n.hr.av-mfefq-533f696fc0cc6add4c5fc5f56c580ce8 .hr-inner{\nwidth:100px;\nborder-color:#006caf;\n}\n<\/style>\n<div  class='hr av-mfefq-533f696fc0cc6add4c5fc5f56c580ce8 hr-custom  avia-builder-el-2  el_after_av_heading  el_before_av_one_full  hr-left hr-icon-no'><span class='hr-inner inner-border-av-border-thin'><span class=\"hr-inner-style\"><\/span><\/span><\/div>\n\n<style type=\"text\/css\" data-created_by=\"avia_inline_auto\" id=\"style-css-av-158na-5fc6e4a3ad9fbd948a6c7670b9eeb443\">\n.flex_column.av-158na-5fc6e4a3ad9fbd948a6c7670b9eeb443{\n-webkit-border-radius:0px 0px 0px 0px;\n-moz-border-radius:0px 0px 0px 0px;\nborder-radius:0px 0px 0px 0px;\npadding:0px 0px 0px 0px;\n}\n<\/style>\n<div class='flex_column av-158na-5fc6e4a3ad9fbd948a6c7670b9eeb443 av_one_full  avia-builder-el-3  el_after_av_hr  el_before_av_one_half  first flex_column_div av-zero-column-padding '     ><section  class='av_textblock_section av-k9jubuee-bb74d3a8afe8ebdae2f2f946937bbdb6'  itemscope=\"itemscope\" itemtype=\"https:\/\/schema.org\/CreativeWork\" ><div class='avia_textblock'  itemprop=\"text\" ><p>Sie m\u00f6chten Ihr Kind in einer unserer <strong>Kinder-Tagesst\u00e4tten<\/strong> anmelden? Dann m\u00fcssen Sie zuerst in einer unserer Kinder-Tagesst\u00e4tten nach einem freien Platz fragen. Die Mitarbeiter der Kitas helfen Ihnen gerne bei allen Fragen zur Anmeldung. Hier finden Sie alle Kitas im Amts-Gebiet:<\/p>\n<\/div><\/section><\/div>\n<style type=\"text\/css\" data-created_by=\"avia_inline_auto\" id=\"style-css-av-asv6e-ff6f9e595030625667ee8813914d94e3\">\n.flex_column.av-asv6e-ff6f9e595030625667ee8813914d94e3{\n-webkit-border-radius:0px 0px 0px 0px;\n-moz-border-radius:0px 0px 0px 0px;\nborder-radius:0px 0px 0px 0px;\npadding:0px 0px 0px 0px;\n}\n<\/style>\n<div class='flex_column av-asv6e-ff6f9e595030625667ee8813914d94e3 av_one_half  avia-builder-el-5  el_after_av_one_full  el_before_av_one_half  first av-break-at-tablet flex_column_div av-zero-column-padding column-top-margin'     ><section  class='av_textblock_section av-kanrg0sh-6d16fa95823114a19781393f4dd0600d'  itemscope=\"itemscope\" itemtype=\"https:\/\/schema.org\/CreativeWork\" ><div class='avia_textblock'  itemprop=\"text\" ><p><strong>Gemeinde Bad Kleinen<\/strong><\/p>\n<p>Kindertagesst\u00e4tte \u201cUns\u2019 Flinkfl\u00e4uter\u201d Bad Kleinen mit Hort<br \/>\nSchulstra\u00dfe 9<br \/>\n23996 Bad Kleinen<br \/>\n038423 444<\/p>\n<p><strong>Gemeinde Bobitz<\/strong><\/p>\n<p>Kindertagesst\u00e4tte \u201cFrechdachs\u201d Bobitz mit Hort<br \/>\nSchulstra\u00dfe 29<br \/>\n23996 Bobitz<br \/>\n038424 20218<\/p>\n<p>Kindertagesst\u00e4tte \u201cZwergenst\u00fcbchen\u201d Tressow mit Hort<br \/>\nMeiersdorfer Weg 12<br \/>\n23966 Tressow<br \/>\n0 3841 616314<br \/>\n<a href=\"http:\/\/www.kita-tressow.de\/\" target=\"_blank\" rel=\"noopener noreferrer\">www.kita-tressow.de<\/a><\/p>\n<p><strong>Gemeinde Dorf Mecklenburg<\/strong><\/p>\n<p>Kindertagesst\u00e4tte \u201cM\u00e4ckelborger Kinnergorden\u201d<br \/>\nDorf Mecklenburg<br \/>\nKrippe und Kindergarten<br \/>\nKarl-Marx-Stra\u00dfe 11<br \/>\n23972 Dorf Mecklenburg<br \/>\n03841 790145<br \/>\n<a href=\"http:\/\/www.kita.dorf-mecklenburg.de\/\" target=\"_blank\" rel=\"noopener noreferrer\">www.kita.dorf-mecklenburg.de<\/a><\/p>\n<p>Hort<br \/>\nBahnhofstra\u00dfe 36 und<br \/>\nBahnhofsstra\u00dfe 32<br \/>\n23972 Dorf Mecklenburg<br \/>\n03841 795924<\/p>\n<\/div><\/section><\/div>\n<style type=\"text\/css\" data-created_by=\"avia_inline_auto\" id=\"style-css-av-asv6e-5-2bd2051e9fde3fdfb836897907863fa6\">\n.flex_column.av-asv6e-5-2bd2051e9fde3fdfb836897907863fa6{\n-webkit-border-radius:0px 0px 0px 0px;\n-moz-border-radius:0px 0px 0px 0px;\nborder-radius:0px 0px 0px 0px;\npadding:0px 0px 0px 0px;\n}\n<\/style>\n<div class='flex_column av-asv6e-5-2bd2051e9fde3fdfb836897907863fa6 av_one_half  avia-builder-el-7  el_after_av_one_half  el_before_av_one_full  av-break-at-tablet flex_column_div av-zero-column-padding column-top-margin'     ><section  class='av_textblock_section av-kanrg0sh-4-33203ebddb7973598b49359cbc309429'  itemscope=\"itemscope\" itemtype=\"https:\/\/schema.org\/CreativeWork\" ><div class='avia_textblock'  itemprop=\"text\" ><p><strong>Gemeinde L\u00fcbow<\/strong><\/p>\n<p>Kindertagesst\u00e4tte \u201cSpatzennest\u201d L\u00fcbow, Krippe<br \/>\nAm Sportplatz 2<br \/>\n23972 L\u00fcbow<br \/>\n03841 785823<\/p>\n<p>Hort und Kindergarten<br \/>\nDorfstra\u00dfe 22<br \/>\n23972 L\u00fcbow<br \/>\n03841 327157<\/p>\n<p><strong>Gemeinde Ventschow<\/strong><\/p>\n<p>Kindertagesst\u00e4tte \u201cHummelnest\u201d Ventschow mit Hort<br \/>\nStra\u00dfe der Jugend 20 c<br \/>\n19417 Ventschow<br \/>\n038484 60345<br \/>\n<strong>Tr\u00e4ger Diakoniewerk \u201cNeue Ufer\u201d gGmbH<\/strong><br \/>\n03866 670<br \/>\n<strong><br \/>\n<\/strong><strong>Gemeinde Gro\u00df Stieten<\/strong><\/p>\n<p><strong>Kita Gro\u00df Stieten<\/strong><\/p>\n<p>JUL gemeinn\u00fctzige GmbH<br \/>\nKinderwelt Gro\u00df Stieten<br \/>\nRingstra\u00dfe 2, 23972 Gro\u00df Stieten<br \/>\nTel.: 03841 791630<br \/>\n<a href=\"https:\/\/www.jul-kita.de\/kita-gross-stieten\/\">www.jul-kita.de\/kita-gross-stieten\/<\/a><\/p>\n<\/div><\/section><\/div>\n<style type=\"text\/css\" data-created_by=\"avia_inline_auto\" id=\"style-css-av-158na-7-748a6d8b02295c4b41cc8aaa7f581d7c\">\n.flex_column.av-158na-7-748a6d8b02295c4b41cc8aaa7f581d7c{\nborder-width:1px;\nborder-color:#000000;\nborder-style:solid;\n-webkit-border-radius:0px 0px 0px 0px;\n-moz-border-radius:0px 0px 0px 0px;\nborder-radius:0px 0px 0px 0px;\npadding:20px 20px 20px 20px;\n}\n<\/style>\n<div class='flex_column av-158na-7-748a6d8b02295c4b41cc8aaa7f581d7c av_one_full  avia-builder-el-9  el_after_av_one_half  el_before_av_one_full  first flex_column_div column-top-margin'     ><section  class='av_textblock_section av-k9jubuee-6-d187e56d09b8d62b1880f7b795d361d9'  itemscope=\"itemscope\" itemtype=\"https:\/\/schema.org\/CreativeWork\" ><div class='avia_textblock'  itemprop=\"text\" ><p><img loading=\"lazy\" decoding=\"async\" class=\"alignnone size-full wp-image-1255\" src=\"https:\/\/amt-dorfmecklenburg-badkleinen.de\/leichte-sprache\/wp-content\/uploads\/Ansprechpartner-1.png\" alt=\"Ansprechpartner im Amt\" width=\"300\" height=\"192\" \/><\/p>\n<p>Sie ben\u00f6tigen einen Kita-Platz?<br \/>\nUnsere Mitarbeiter*innen im Amt Dorf Mecklenburg-Bad Kleinen sind Ihnen gerne behilflich.<\/p>\n<p><strong>Im Amt Dorf Mecklenburg<\/strong><br \/>\nSachbearbeiterin Kita L\u00fcbow<br \/>\nFrau Seufert<br \/>\nTelefon:03841 798231<\/p>\n<p>Kita Tressow<br \/>\nFrau Segler<br \/>\nTelefon:03841 79 82 02<\/p>\n<p>Sachbearbeiterin Kita Dorf Mecklenburg<br \/>\nFrau Seufert<br \/>\nTelefon:03841 79 82 25<\/p>\n<p>Sachbearbeiterin Kita Bobitz<br \/>\nFrau I. Segler<br \/>\nTelefon:03841 79 82 02<\/p>\n<p><strong>Im B\u00fcrger-B\u00fcro Bad Kleinen:<\/strong><br \/>\nSachbearbeiterin Kita Bad Kleinen<br \/>\nFrau B. L\u00fcbcke<br \/>\nTelefon:03841 798334<\/p>\n<\/div><\/section><\/div>\n<style type=\"text\/css\" data-created_by=\"avia_inline_auto\" id=\"style-css-av-158na-3-b42067b776b34f95d010303bfee3a047\">\n.flex_column.av-158na-3-b42067b776b34f95d010303bfee3a047{\nborder-width:1px;\nborder-color:#000000;\nborder-style:solid;\n-webkit-border-radius:0px 0px 0px 0px;\n-moz-border-radius:0px 0px 0px 0px;\nborder-radius:0px 0px 0px 0px;\npadding:20px 20px 20px 20px;\n}\n<\/style>\n<div class='flex_column av-158na-3-b42067b776b34f95d010303bfee3a047 av_one_full  avia-builder-el-11  el_after_av_one_full  avia-builder-el-last  first flex_column_div column-top-margin'     ><section  class='av_textblock_section av-k9jubuee-2-f16ba230a65dfb17cbb839882c03039e'  itemscope=\"itemscope\" itemtype=\"https:\/\/schema.org\/CreativeWork\" ><div class='avia_textblock'  itemprop=\"text\" ><p><img loading=\"lazy\" decoding=\"async\" class=\"alignnone size-full wp-image-1023\" src=\"https:\/\/www.amt-warnow-west.de\/leichte-sprache\/wp-content\/uploads\/Ansprechpartner.png\" alt=\"Ihre Ansprech-Partner im Amt Warnow-West.\" width=\"248\" height=\"194\" \/><\/p>\n<p>Wenn eine unserer Kinder-Tagesst\u00e4tten einen freien Platz f\u00fcr Ihr Kind hat, dann m\u00fcssen Sie beim Land-Kreis Nordwest-Mecklenburg in Wismar einen Antrag stellen. Hier befindet sich die Verwaltung, die sich mit der Vergabe von Kita-Pl\u00e4tzen befasst.<\/p>\n<p>Haben Sie Fragen zu diesen Themen, wenden Sie sich gerne an den:<\/p>\n<p><strong>Landkreis Nordwestmecklenburg<\/strong><br \/>\nRostocker Stra\u00dfe 76<br \/>\n23970 Wismar<\/p>\n<p>Sach-Gebiet Kinder-Tagesst\u00e4tten<br \/>\nRaum A 2.16<br \/>\n03841 30 40 51 68<\/p>\n<div  class='avia-button-wrap av-aizcy-6ced96d8e073a2901ab82519df0a2bef-wrap avia-button-left  avia-builder-el-13  avia-builder-el-no-sibling '><a href='https:\/\/www.nordwestmecklenburg.de\/de\/kindertagesstaetten.html' class='avia-button av-aizcy-6ced96d8e073a2901ab82519df0a2bef avia-icon_select-yes-left-icon avia-size-medium avia-position-left avia-color-dark' target=\"_blank\" rel=\"noopener noreferrer\"><span class='avia_button_icon avia_button_icon_left' aria-hidden='true' data-av_icon='\ue850' data-av_iconfont='entypo-fontello'><\/span><span class='avia_iconbox_title' >Hier finden Sie weitere Informationen und wichtige Formulare zum Herunter-Laden*<\/span><\/a><\/div>\n<p><em>*Dieser Link \u00f6ffnet <strong>eine andere Internetseite<\/strong> in Alltags-Sprache. Das ist die Seite des Landkreises Nordwest-Mecklenburg in Wismar.<br \/>\n<\/em><\/p>\n<\/div><\/section><\/div><\/div><\/div><\/main><!-- close content main element --><\/div><\/div><div id='av_section_2'  class='avia-section av-urx3y-8-492af7b36b13655914a5ae644e0d5572 main_color avia-section-default avia-no-border-styling  avia-builder-el-14  el_after_av_section  avia-builder-el-last  avia-bg-style-scroll container_wrap fullsize'  ><div class='container av-section-cont-open' ><div class='template-page content  av-content-full alpha units'><div class='post-entry post-entry-type-page post-entry-934'><div class='entry-content-wrapper clearfix'>\n<section  class='av_textblock_section av-k9jubuee-1-0a04134253620d7be2b0905e6fa2392d'  itemscope=\"itemscope\" itemtype=\"https:\/\/schema.org\/CreativeWork\" ><div class='avia_textblock'  itemprop=\"text\" ><p>[backlink]<\/p>\n<\/div><\/section>\n<\/p>\n","protected":false},"excerpt":{"rendered":"","protected":false},"author":3,"featured_media":0,"parent":0,"menu_order":0,"comment_status":"closed","ping_status":"closed","template":"","meta":{"footnotes":""},"class_list":["post-934","page","type-page","status-publish","hentry"],"_links":{"self":[{"href":"https:\/\/amt-dorfmecklenburg-badkleinen.de\/leichte-sprache\/wp-json\/wp\/v2\/pages\/934","targetHints":{"allow":["GET"]}}],"collection":[{"href":"https:\/\/amt-dorfmecklenburg-badkleinen.de\/leichte-sprache\/wp-json\/wp\/v2\/pages"}],"about":[{"href":"https:\/\/amt-dorfmecklenburg-badkleinen.de\/leichte-sprache\/wp-json\/wp\/v2\/types\/page"}],"author":[{"embeddable":true,"href":"https:\/\/amt-dorfmecklenburg-badkleinen.de\/leichte-sprache\/wp-json\/wp\/v2\/users\/3"}],"replies":[{"embeddable":true,"href":"https:\/\/amt-dorfmecklenburg-badkleinen.de\/leichte-sprache\/wp-json\/wp\/v2\/comments?post=934"}],"version-history":[{"count":9,"href":"https:\/\/amt-dorfmecklenburg-badkleinen.de\/leichte-sprache\/wp-json\/wp\/v2\/pages\/934\/revisions"}],"predecessor-version":[{"id":1682,"href":"https:\/\/amt-dorfmecklenburg-badkleinen.de\/leichte-sprache\/wp-json\/wp\/v2\/pages\/934\/revisions\/1682"}],"wp:attachment":[{"href":"https:\/\/amt-dorfmecklenburg-badkleinen.de\/leichte-sprache\/wp-json\/wp\/v2\/media?parent=934"}],"curies":[{"name":"wp","href":"https:\/\/api.w.org\/{rel}","templated":true}]}}