{"id":847,"date":"2020-05-19T09:34:14","date_gmt":"2020-05-19T07:34:14","guid":{"rendered":"https:\/\/www.amt-warnow-west.de\/leichte-sprache\/?page_id=829"},"modified":"2021-02-03T17:26:39","modified_gmt":"2021-02-03T16:26:39","slug":"wohngeld","status":"publish","type":"page","link":"https:\/\/amt-dorfmecklenburg-badkleinen.de\/leichte-sprache\/wohngeld\/","title":{"rendered":"Wohngeld"},"content":{"rendered":"<div id='av_section_1'  class='avia-section av-6kr0l-54b621effb8af07565d6d25f7139e7ab main_color avia-section-default avia-no-border-styling  avia-builder-el-0  avia-builder-el-no-sibling  avia-bg-style-scroll container_wrap fullsize'  ><div class='container av-section-cont-open' ><main  role=\"main\" itemprop=\"mainContentOfPage\"  class='template-page content  av-content-full alpha units'><div class='post-entry post-entry-type-page post-entry-847'><div class='entry-content-wrapper clearfix'>\n\n<style type=\"text\/css\" data-created_by=\"avia_inline_auto\" id=\"style-css-av-av_heading-fd8ed672d295daf1e29f297cc148e788\">\n#top .av-special-heading.av-av_heading-fd8ed672d295daf1e29f297cc148e788{\npadding-bottom:10px;\n}\nbody .av-special-heading.av-av_heading-fd8ed672d295daf1e29f297cc148e788 .av-special-heading-tag .heading-char{\nfont-size:25px;\n}\n.av-special-heading.av-av_heading-fd8ed672d295daf1e29f297cc148e788 .av-subheading{\nfont-size:15px;\n}\n<\/style>\n<div  class='av-special-heading av-av_heading-fd8ed672d295daf1e29f297cc148e788 av-special-heading-h1 blockquote modern-quote modern-centered  avia-builder-el-1  el_before_av_hr  avia-builder-el-first '><h1 class='av-special-heading-tag'  itemprop=\"headline\"  >Wohngeld beantragen<\/h1><div class=\"special-heading-border\"><div class=\"special-heading-inner-border\"><\/div><\/div><\/div>\n\n<style type=\"text\/css\" data-created_by=\"avia_inline_auto\" id=\"style-css-av-mfefq-488c8e8d7f9ef3e07ef57f2e182cbbc3\">\n#top .hr.av-mfefq-488c8e8d7f9ef3e07ef57f2e182cbbc3{\nmargin-top:30px;\nmargin-bottom:30px;\n}\n.hr.av-mfefq-488c8e8d7f9ef3e07ef57f2e182cbbc3 .hr-inner{\nwidth:100px;\nborder-color:#006caf;\n}\n<\/style>\n<div  class='hr av-mfefq-488c8e8d7f9ef3e07ef57f2e182cbbc3 hr-custom  avia-builder-el-2  el_after_av_heading  el_before_av_one_full  hr-center hr-icon-no'><span class='hr-inner inner-border-av-border-thin'><span class=\"hr-inner-style\"><\/span><\/span><\/div>\n\n<style type=\"text\/css\" data-created_by=\"avia_inline_auto\" id=\"style-css-av-91199-ee3f743804a51c18c23de26496b8cb9f\">\n.flex_column.av-91199-ee3f743804a51c18c23de26496b8cb9f{\n-webkit-border-radius:0px 0px 0px 0px;\n-moz-border-radius:0px 0px 0px 0px;\nborder-radius:0px 0px 0px 0px;\npadding:0px 0px 0px 0px;\n}\n<\/style>\n<div class='flex_column av-91199-ee3f743804a51c18c23de26496b8cb9f av_one_full  avia-builder-el-3  el_after_av_hr  el_before_av_one_half  first flex_column_div av-zero-column-padding '     ><section  class='av_textblock_section av-kadl0o4o-9f1ad33c7562f164d5313a1a381c558c'  itemscope=\"itemscope\" itemtype=\"https:\/\/schema.org\/CreativeWork\" ><div class='avia_textblock'  itemprop=\"text\" ><h3>Wer bekommt Wohngeld?<\/h3>\n<p><img loading=\"lazy\" decoding=\"async\" class=\"alignleft size-full wp-image-1130\" src=\"https:\/\/www.amt-warnow-west.de\/leichte-sprache\/wp-content\/uploads\/Geld-2-cKassing-Probebild.jpg\" alt=\"Euro Scheine\" width=\"300\" height=\"300\" \/>Menschen mit wenig Geld k\u00f6nnen Wohngeld bekommen. Das steht im Wohngeld-Gesetz. F\u00fcr Wohngeld stellen Sie einen Antrag bei der Wohngeld-Stelle. Die Wohngeld-Stelle entscheidet, ob Sie Wohngeld bekommen.<br \/>\nDabei sind 3 Dinge wichtig:<br \/>\n1. Wie viel Geld man verdient.<br \/>\n2. Wie hoch die monatliche Miete ist.<br \/>\n3. Wie viel Personen in der Familie leben.<\/p>\n<p>Um Wohngeld zu bekommen, m\u00fcssen Sie einen Antrag stellen. Dann pr\u00fcft die Wohngeld-Beh\u00f6rde Ihren Antrag. Erst dann k\u00f6nnen Sie Wohngeld bekommen.<\/p>\n<h3>Wer bezahlt das Wohngeld?<\/h3>\n<p>Das Wohngeld wird vom Staat bezahlt. Und von den einzelnen Bundes-L\u00e4ndern in Deutschland. Die Regeln f\u00fcr das Wohngeld stehen im Wohngeld-Gesetz.<\/p>\n<h3>Was m\u00fcssen Sie ins Amt mitbringen?<\/h3>\n<p>Sie m\u00fcssen die Unterlagen \u00fcber das Einkommen von allen, die in Ihrem Haushalt leben mitbringen.<\/p>\n<p>Solche Unterlagen sind zum Beispiel:<\/p>\n<p>Bescheid \u00fcber Arbeitslosengeld 1<br \/>\nBescheid \u00fcber Arbeitslosengeld 2<br \/>\nRenten-Bescheid<br \/>\nLohn-Abrechnung mit Weihnachtsgeld und Urlaubsgeld<br \/>\nKrankengeld<br \/>\nUnterhalt<\/p>\n<p>Bringen Sie alle Unterlagen mit. Die Mitarbeiterin oder der Mitarbeiter macht Kopien von den Unterlagen. Dann bekommen Sie die Unterlagen zur\u00fcck.<\/p>\n<h3>Sie haben Fragen zum Wohngeld oder brauchen Hilfe bei den Formularen?<\/h3>\n<p>Z\u00f6gern Sie nicht. Vereinbaren Sie einen Termin in der Wohngeld-Beh\u00f6rde im Amt Dorf Mecklenburg-Bad Kleinen<\/p>\n<p><strong><img loading=\"lazy\" decoding=\"async\" class=\"alignleft size-full wp-image-1138\" src=\"https:\/\/www.amt-warnow-west.de\/leichte-sprache\/wp-content\/uploads\/Behoerde-cKassing-Probebild.jpg\" alt=\"Antrag abgeben\" width=\"300\" height=\"300\" \/>F\u00fcr Wohngeld m\u00fcssen Sie einen Antrag stellen. Der Antrag ist ein Formular. Sie bekommen das Formular bei der Wohngeld-Beh\u00f6rde im Amt Dorf Mecklenburg-Bad Kleinen oder im Internet:<\/strong><\/p>\n<p><a href=\"https:\/\/www.amt-dorfmecklenburg-badkleinen.de\/formularservice-wohngeld\/\" target=\"_blank\" rel=\"noopener\">Hier finden Sie alle Formulare zum Thema Wohngeld.<\/a><br \/>\n<strong>Hinweis:<\/strong> Dieser Link f\u00fchrt Sie auf die Internet-Seite des Amtes Dorf Mecklenburg-Bad Kleinen in Alltagssprache<\/p>\n<\/div><\/section><\/div>\n<style type=\"text\/css\" data-created_by=\"avia_inline_auto\" id=\"style-css-av-kaphsy90-a1b6b00f155c068f00c2305e1b27cf6b\">\n.flex_column.av-kaphsy90-a1b6b00f155c068f00c2305e1b27cf6b{\nborder-width:2px;\nborder-color:#002860;\nborder-style:solid;\n-webkit-border-radius:0px 0px 0px 0px;\n-moz-border-radius:0px 0px 0px 0px;\nborder-radius:0px 0px 0px 0px;\npadding:30px 30px 30px 30px;\n}\n<\/style>\n<div class='flex_column av-kaphsy90-a1b6b00f155c068f00c2305e1b27cf6b av_one_half  avia-builder-el-5  el_after_av_one_full  el_before_av_one_half  first flex_column_div column-top-margin'     ><section  class='av_textblock_section av-kaphsgk7-6abce8789e1f96a09fd64c9bb91bd8c7'  itemscope=\"itemscope\" itemtype=\"https:\/\/schema.org\/CreativeWork\" ><div class='avia_textblock'  itemprop=\"text\" ><h3><\/h3>\n<p><img loading=\"lazy\" decoding=\"async\" class=\"alignnone size-full wp-image-1373\" src=\"https:\/\/amt-doberan-land.de\/leichte-sprache\/wp-content\/uploads\/Ansprechpartner-Frau-1.png\" alt=\"Ihre Ansprechpartnerin im Amt.\" width=\"121\" height=\"184\" \/><\/p>\n<h3>Haben Sie Frage oder<br \/>\nben\u00f6tigen Sie Hilfe?<\/h3>\n<p><strong>Ihre Ansprech-Partnerin zum Thema Wohngeld im Amt Dorf Mecklenburg ist<\/strong>:<br \/>\nFrau K\u00e4kenmeister<br \/>\n\u260e Telefon: 03841 798231<\/p>\n<\/div><\/section><\/div>\n<style type=\"text\/css\" data-created_by=\"avia_inline_auto\" id=\"style-css-av-kaphsy90-7ef513345b7b8d0736d01ca2c4860839\">\n.flex_column.av-kaphsy90-7ef513345b7b8d0736d01ca2c4860839{\nborder-width:2px;\nborder-color:#002860;\nborder-style:solid;\n-webkit-border-radius:0px 0px 0px 0px;\n-moz-border-radius:0px 0px 0px 0px;\nborder-radius:0px 0px 0px 0px;\npadding:30px 30px 30px 30px;\n}\n<\/style>\n<div class='flex_column av-kaphsy90-7ef513345b7b8d0736d01ca2c4860839 av_one_half  avia-builder-el-7  el_after_av_one_half  el_before_av_one_full  flex_column_div column-top-margin'     ><section  class='av_textblock_section av-kaphsgk7-6abce8789e1f96a09fd64c9bb91bd8c7'  itemscope=\"itemscope\" itemtype=\"https:\/\/schema.org\/CreativeWork\" ><div class='avia_textblock'  itemprop=\"text\" ><p><img loading=\"lazy\" decoding=\"async\" class=\"alignnone size-full wp-image-1373\" src=\"https:\/\/amt-doberan-land.de\/leichte-sprache\/wp-content\/uploads\/Ansprechpartner-Frau-1.png\" alt=\"Ihre Ansprechpartnerin im Amt.\" width=\"121\" height=\"184\" \/><\/p>\n<h3>Haben Sie Frage oder<br \/>\nben\u00f6tigen Sie Hilfe?<\/h3>\n<p><strong>Ihre Ansprech-Partnerin zum Thema Wohngeld im B\u00fcrger-B\u00fcro Bad Kleinen ist<\/strong>:<br \/>\nFrau H\u00fcnm\u00f6rder<br \/>\n\u260e Telefon: 03841 798333<\/p>\n<\/div><\/section><\/div>\n<style type=\"text\/css\" data-created_by=\"avia_inline_auto\" id=\"style-css-av-91199-ee3f743804a51c18c23de26496b8cb9f\">\n.flex_column.av-91199-ee3f743804a51c18c23de26496b8cb9f{\n-webkit-border-radius:0px 0px 0px 0px;\n-moz-border-radius:0px 0px 0px 0px;\nborder-radius:0px 0px 0px 0px;\npadding:0px 0px 0px 0px;\n}\n<\/style>\n<div class='flex_column av-91199-ee3f743804a51c18c23de26496b8cb9f av_one_full  avia-builder-el-9  el_after_av_one_half  avia-builder-el-last  first flex_column_div av-zero-column-padding column-top-margin'     ><section  class='av_textblock_section av-kadl0o4o-9f1ad33c7562f164d5313a1a381c558c'  itemscope=\"itemscope\" itemtype=\"https:\/\/schema.org\/CreativeWork\" ><div class='avia_textblock'  itemprop=\"text\" ><p>[backlink]<\/p>\n<\/div><\/section><\/div>\n","protected":false},"excerpt":{"rendered":"","protected":false},"author":3,"featured_media":0,"parent":0,"menu_order":0,"comment_status":"closed","ping_status":"closed","template":"","meta":{"footnotes":""},"class_list":["post-847","page","type-page","status-publish","hentry"],"_links":{"self":[{"href":"https:\/\/amt-dorfmecklenburg-badkleinen.de\/leichte-sprache\/wp-json\/wp\/v2\/pages\/847","targetHints":{"allow":["GET"]}}],"collection":[{"href":"https:\/\/amt-dorfmecklenburg-badkleinen.de\/leichte-sprache\/wp-json\/wp\/v2\/pages"}],"about":[{"href":"https:\/\/amt-dorfmecklenburg-badkleinen.de\/leichte-sprache\/wp-json\/wp\/v2\/types\/page"}],"author":[{"embeddable":true,"href":"https:\/\/amt-dorfmecklenburg-badkleinen.de\/leichte-sprache\/wp-json\/wp\/v2\/users\/3"}],"replies":[{"embeddable":true,"href":"https:\/\/amt-dorfmecklenburg-badkleinen.de\/leichte-sprache\/wp-json\/wp\/v2\/comments?post=847"}],"version-history":[{"count":10,"href":"https:\/\/amt-dorfmecklenburg-badkleinen.de\/leichte-sprache\/wp-json\/wp\/v2\/pages\/847\/revisions"}],"predecessor-version":[{"id":1644,"href":"https:\/\/amt-dorfmecklenburg-badkleinen.de\/leichte-sprache\/wp-json\/wp\/v2\/pages\/847\/revisions\/1644"}],"wp:attachment":[{"href":"https:\/\/amt-dorfmecklenburg-badkleinen.de\/leichte-sprache\/wp-json\/wp\/v2\/media?parent=847"}],"curies":[{"name":"wp","href":"https:\/\/api.w.org\/{rel}","templated":true}]}}