{"id":1452,"date":"2020-06-21T15:24:29","date_gmt":"2020-06-21T13:24:29","guid":{"rendered":"https:\/\/amt-doberan-land.de\/leichte-sprache\/?page_id=1452"},"modified":"2022-11-03T18:26:34","modified_gmt":"2022-11-03T17:26:34","slug":"kontakt","status":"publish","type":"page","link":"https:\/\/amt-dorfmecklenburg-badkleinen.de\/leichte-sprache\/kontakt\/","title":{"rendered":"Kontakt"},"content":{"rendered":"<div id='av_section_1'  class='avia-section av-urx3y-72595efe4db77312e098ec029cd54322 main_color avia-section-default avia-no-border-styling  avia-builder-el-0  avia-builder-el-no-sibling  avia-bg-style-scroll container_wrap fullsize'  ><div class='container av-section-cont-open' ><main  role=\"main\" itemprop=\"mainContentOfPage\"  class='template-page content  av-content-full alpha units'><div class='post-entry post-entry-type-page post-entry-1452'><div class='entry-content-wrapper clearfix'>\n\n<style type=\"text\/css\" data-created_by=\"avia_inline_auto\" id=\"style-css-av-34k118-44ec0761ed7bc7ec2f7f3cdddc3f07e1\">\n.flex_column.av-34k118-44ec0761ed7bc7ec2f7f3cdddc3f07e1{\n-webkit-border-radius:0px 0px 0px 0px;\n-moz-border-radius:0px 0px 0px 0px;\nborder-radius:0px 0px 0px 0px;\npadding:0px 0px 0px 0px;\n}\n<\/style>\n<div class='flex_column av-34k118-44ec0761ed7bc7ec2f7f3cdddc3f07e1 av_one_full  avia-builder-el-1  el_before_av_one_half  avia-builder-el-first  first flex_column_div av-zero-column-padding '     ><p>\n<style type=\"text\/css\" data-created_by=\"avia_inline_auto\" id=\"style-css-av-kbp4kxc1-f47a5e734a2787f67f42564224bc7d37\">\n.avia-image-container.av-kbp4kxc1-f47a5e734a2787f67f42564224bc7d37 img.avia_image{\nbox-shadow:none;\n}\n.avia-image-container.av-kbp4kxc1-f47a5e734a2787f67f42564224bc7d37 .av-image-caption-overlay-center{\ncolor:#ffffff;\n}\n<\/style>\n<div  class='avia-image-container av-kbp4kxc1-f47a5e734a2787f67f42564224bc7d37 av-styling- avia-align-left  avia-builder-el-2  el_before_av_hr  avia-builder-el-first  av-mini-hide'   itemprop=\"image\" itemscope=\"itemscope\" itemtype=\"https:\/\/schema.org\/ImageObject\" ><div class=\"avia-image-container-inner\"><div class=\"avia-image-overlay-wrap\"><img decoding=\"async\" class='wp-image-1458 avia-img-lazy-loading-not-1458 avia_image ' src=\"https:\/\/amt-dorfmecklenburg-badkleinen.de\/leichte-sprache\/wp-content\/uploads\/e-mail.png\" alt='Eine E-Mail schreiben' title='e-mail'  height=\"285\" width=\"300\"  itemprop=\"thumbnailUrl\"  \/><\/div><\/div><\/div><br \/>\n\n<style type=\"text\/css\" data-created_by=\"avia_inline_auto\" id=\"style-css-av-kbp4lfiy-90e9b83ee4ec153bf0426d1a5639da1e\">\n#top .hr.hr-invisible.av-kbp4lfiy-90e9b83ee4ec153bf0426d1a5639da1e{\nheight:30px;\n}\n<\/style>\n<div  class='hr av-kbp4lfiy-90e9b83ee4ec153bf0426d1a5639da1e hr-invisible  avia-builder-el-3  el_after_av_image  el_before_av_textblock '><span class='hr-inner '><span class=\"hr-inner-style\"><\/span><\/span><\/div><br \/>\n<section  class='av_textblock_section av-k9jubuee-bb74d3a8afe8ebdae2f2f946937bbdb6'  itemscope=\"itemscope\" itemtype=\"https:\/\/schema.org\/CreativeWork\" ><div class='avia_textblock'  itemprop=\"text\" ><h3>Wie k\u00f6nnen wir Ihnen helfen?<br \/>\nSchreiben Sie uns eine E-Mail<\/h3>\n<\/div><\/section><br \/>\n<\/p><\/div>\n<style type=\"text\/css\" data-created_by=\"avia_inline_auto\" id=\"style-css-av-158na-5fc6e4a3ad9fbd948a6c7670b9eeb443\">\n.flex_column.av-158na-5fc6e4a3ad9fbd948a6c7670b9eeb443{\n-webkit-border-radius:0px 0px 0px 0px;\n-moz-border-radius:0px 0px 0px 0px;\nborder-radius:0px 0px 0px 0px;\npadding:0px 0px 0px 0px;\n}\n<\/style>\n<div class='flex_column av-158na-5fc6e4a3ad9fbd948a6c7670b9eeb443 av_one_half  avia-builder-el-6  el_after_av_one_full  el_before_av_one_half  first flex_column_div av-zero-column-padding column-top-margin'     ><section  class='av_textblock_section av-k9jubuee-bb74d3a8afe8ebdae2f2f946937bbdb6'  itemscope=\"itemscope\" itemtype=\"https:\/\/schema.org\/CreativeWork\" ><div class='avia_textblock'  itemprop=\"text\" ><h3>Amt Dorf Mecklenburg-Bad Kleinen<\/h3>\n<p>Anschrift:<\/p>\n<p>Am Wehberg 17<br \/>\nin 23972 Dorf Mecklenburg<\/p>\n<p>Telefon: 03841\u00a0 798 &#8211; 0<\/p>\n<\/div><\/section><br \/>\n<section  class='av_textblock_section av-k9jubuee-bb74d3a8afe8ebdae2f2f946937bbdb6'  itemscope=\"itemscope\" itemtype=\"https:\/\/schema.org\/CreativeWork\" ><div class='avia_textblock'  itemprop=\"text\" ><p><strong>\u00d6ffnungszeiten im Amtsgeb\u00e4ude Dorf Mecklenburg,<\/strong><\/p>\n<p>Montag 08.30 \u2013 12.00 Uhr<br \/>\nDienstag 08.30 \u2013 12.00 Uhr und 13.00 \u2013 17.30 Uhr<br \/>\nMittwoch geschlossen<br \/>\nDonnerstag 08.30 \u2013 12.00 Uhr und 13.00 \u2013 15.00 Uhr<br \/>\nFreitag 08.30 \u2013 12.00 Uhr<\/p>\n<\/div><\/section><\/p><\/div>\n<style type=\"text\/css\" data-created_by=\"avia_inline_auto\" id=\"style-css-av-158na-26e03407203d75d7192934556fbd5379\">\n.flex_column.av-158na-26e03407203d75d7192934556fbd5379{\n-webkit-border-radius:0px 0px 0px 0px;\n-moz-border-radius:0px 0px 0px 0px;\nborder-radius:0px 0px 0px 0px;\npadding:0px 0px 0px 0px;\n}\n<\/style>\n<div class='flex_column av-158na-26e03407203d75d7192934556fbd5379 av_one_half  avia-builder-el-9  el_after_av_one_half  avia-builder-el-last  flex_column_div av-zero-column-padding column-top-margin'     ><section  class='av_textblock_section av-k9jubuee-bb74d3a8afe8ebdae2f2f946937bbdb6'  itemscope=\"itemscope\" itemtype=\"https:\/\/schema.org\/CreativeWork\" ><div class='avia_textblock'  itemprop=\"text\" ><h3>B\u00fcrgerb\u00fcro Bad Kleinen<\/h3>\n<p>Anschrift:<\/p>\n<p>Steinstra\u00dfe 29<br \/>\n23996\u00a0Bad Kleinen<\/p>\n<p>Telefon: 03841 798333<\/p>\n<\/div><\/section><br \/>\n<section  class='av_textblock_section av-k9jubuee-bb74d3a8afe8ebdae2f2f946937bbdb6'  itemscope=\"itemscope\" itemtype=\"https:\/\/schema.org\/CreativeWork\" ><div class='avia_textblock'  itemprop=\"text\" ><p><strong>\u00d6ffnungszeiten B\u00fcrgerb\u00fcro Bad Kleinen<\/strong><\/p>\n<p>Dienstag\u00a0\u00a0\u00a0\u00a0\u00a0\u00a0 08.30 \u2013 12.00 Uhr und 13.00 \u2013 15.00 Uhr<br \/>\nDonnerstag\u00a0\u00a0\u00a0 08.30 \u2013 12.00 Uhr und 13.00 \u2013 17.30 Uhr<\/p>\n<\/div><\/section><\/p><\/div>\n\n","protected":false},"excerpt":{"rendered":"","protected":false},"author":3,"featured_media":0,"parent":0,"menu_order":0,"comment_status":"closed","ping_status":"closed","template":"","meta":{"footnotes":""},"class_list":["post-1452","page","type-page","status-publish","hentry"],"_links":{"self":[{"href":"https:\/\/amt-dorfmecklenburg-badkleinen.de\/leichte-sprache\/wp-json\/wp\/v2\/pages\/1452","targetHints":{"allow":["GET"]}}],"collection":[{"href":"https:\/\/amt-dorfmecklenburg-badkleinen.de\/leichte-sprache\/wp-json\/wp\/v2\/pages"}],"about":[{"href":"https:\/\/amt-dorfmecklenburg-badkleinen.de\/leichte-sprache\/wp-json\/wp\/v2\/types\/page"}],"author":[{"embeddable":true,"href":"https:\/\/amt-dorfmecklenburg-badkleinen.de\/leichte-sprache\/wp-json\/wp\/v2\/users\/3"}],"replies":[{"embeddable":true,"href":"https:\/\/amt-dorfmecklenburg-badkleinen.de\/leichte-sprache\/wp-json\/wp\/v2\/comments?post=1452"}],"version-history":[{"count":19,"href":"https:\/\/amt-dorfmecklenburg-badkleinen.de\/leichte-sprache\/wp-json\/wp\/v2\/pages\/1452\/revisions"}],"predecessor-version":[{"id":1665,"href":"https:\/\/amt-dorfmecklenburg-badkleinen.de\/leichte-sprache\/wp-json\/wp\/v2\/pages\/1452\/revisions\/1665"}],"wp:attachment":[{"href":"https:\/\/amt-dorfmecklenburg-badkleinen.de\/leichte-sprache\/wp-json\/wp\/v2\/media?parent=1452"}],"curies":[{"name":"wp","href":"https:\/\/api.w.org\/{rel}","templated":true}]}}